{"id":9,"date":"2023-12-17T15:55:46","date_gmt":"2023-12-17T14:55:46","guid":{"rendered":"https:\/\/tarifs-postaux.fr\/blog\/?page_id=9"},"modified":"2025-09-25T21:53:41","modified_gmt":"2025-09-25T19:53:41","slug":"blog","status":"publish","type":"page","link":"https:\/\/tarifs-postaux.fr\/blog\/","title":{"rendered":"blog"},"content":{"rendered":"\t\t<div data-elementor-type=\"wp-page\" data-elementor-id=\"9\" class=\"elementor elementor-9\">\n\t\t\t\t<div class=\"elementor-element elementor-element-75379da e-flex e-con-boxed e-con e-parent\" data-id=\"75379da\" data-element_type=\"container\">\n\t\t\t\t\t<div class=\"e-con-inner\">\n\t\t\t\t<div class=\"elementor-element elementor-element-a247bfc elementor-widget elementor-widget-heading\" data-id=\"a247bfc\" data-element_type=\"widget\" data-widget_type=\"heading.default\">\n\t\t\t\t<div class=\"elementor-widget-container\">\n\t\t\t<style>\/*! elementor - v3.23.0 - 05-08-2024 *\/\n.elementor-heading-title{padding:0;margin:0;line-height:1}.elementor-widget-heading .elementor-heading-title[class*=elementor-size-]>a{color:inherit;font-size:inherit;line-height:inherit}.elementor-widget-heading .elementor-heading-title.elementor-size-small{font-size:15px}.elementor-widget-heading .elementor-heading-title.elementor-size-medium{font-size:19px}.elementor-widget-heading .elementor-heading-title.elementor-size-large{font-size:29px}.elementor-widget-heading .elementor-heading-title.elementor-size-xl{font-size:39px}.elementor-widget-heading .elementor-heading-title.elementor-size-xxl{font-size:59px}<\/style><h2 class=\"elementor-heading-title elementor-size-default\">Blog du site tarifs-postaux.fr<\/h2>\t\t<\/div>\n\t\t\t\t<\/div>\n\t\t\t\t\t<\/div>\n\t\t\t\t<\/div>\n\t\t<div class=\"elementor-element elementor-element-49b05df e-flex e-con-boxed e-con e-parent\" data-id=\"49b05df\" data-element_type=\"container\">\n\t\t\t\t\t<div class=\"e-con-inner\">\n\t\t\t\t<div class=\"elementor-element elementor-element-1742a6b elementor-widget elementor-widget-text-editor\" data-id=\"1742a6b\" data-element_type=\"widget\" data-widget_type=\"text-editor.default\">\n\t\t\t\t<div class=\"elementor-widget-container\">\n\t\t\t<style>\/*! elementor - v3.23.0 - 05-08-2024 *\/\n.elementor-widget-text-editor.elementor-drop-cap-view-stacked .elementor-drop-cap{background-color:#69727d;color:#fff}.elementor-widget-text-editor.elementor-drop-cap-view-framed .elementor-drop-cap{color:#69727d;border:3px solid;background-color:transparent}.elementor-widget-text-editor:not(.elementor-drop-cap-view-default) .elementor-drop-cap{margin-top:8px}.elementor-widget-text-editor:not(.elementor-drop-cap-view-default) .elementor-drop-cap-letter{width:1em;height:1em}.elementor-widget-text-editor .elementor-drop-cap{float:left;text-align:center;line-height:1;font-size:50px}.elementor-widget-text-editor .elementor-drop-cap-letter{display:inline-block}<\/style>\t\t\t\t<p>Bienvenue.<\/p><p>Que vous soyez <strong>particulier<\/strong> ou <strong>professionnel<\/strong>, vous trouverez sur ce nouveau blog d&rsquo;information des articles concernant le secteur postal, le transport de colis et la logistique.<\/p>\t\t\t\t\t\t<\/div>\n\t\t\t\t<\/div>\n\t\t\t\t\t<\/div>\n\t\t\t\t<\/div>\n\t\t<div class=\"elementor-element elementor-element-626cd30 e-flex e-con-boxed e-con e-parent\" data-id=\"626cd30\" data-element_type=\"container\">\n\t\t\t\t\t<div class=\"e-con-inner\">\n\t\t\t\t<div class=\"elementor-element elementor-element-18eb623 elementor-widget elementor-widget-image\" data-id=\"18eb623\" data-element_type=\"widget\" data-widget_type=\"image.default\">\n\t\t\t\t<div class=\"elementor-widget-container\">\n\t\t\t<style>\/*! elementor - v3.23.0 - 05-08-2024 *\/\n.elementor-widget-image{text-align:center}.elementor-widget-image a{display:inline-block}.elementor-widget-image a img[src$=\".svg\"]{width:48px}.elementor-widget-image img{vertical-align:middle;display:inline-block}<\/style>\t\t\t\t\t\t\t\t\t\t<img fetchpriority=\"high\" decoding=\"async\" width=\"640\" height=\"640\" src=\"https:\/\/tarifs-postaux.fr\/blog\/wp-content\/uploads\/2024\/06\/informations-colis.jpg\" class=\"attachment-large size-large wp-image-135\" alt=\"informations colis\" srcset=\"https:\/\/tarifs-postaux.fr\/blog\/wp-content\/uploads\/2024\/06\/informations-colis.jpg 640w, https:\/\/tarifs-postaux.fr\/blog\/wp-content\/uploads\/2024\/06\/informations-colis-300x300.jpg 300w, https:\/\/tarifs-postaux.fr\/blog\/wp-content\/uploads\/2024\/06\/informations-colis-150x150.jpg 150w\" sizes=\"(max-width: 640px) 100vw, 640px\" \/>\t\t\t\t\t\t\t\t\t\t\t\t\t<\/div>\n\t\t\t\t<\/div>\n\t\t\t\t\t<\/div>\n\t\t\t\t<\/div>\n\t\t<div class=\"elementor-element elementor-element-85a108b e-flex e-con-boxed e-con e-parent\" data-id=\"85a108b\" data-element_type=\"container\">\n\t\t\t\t\t<div class=\"e-con-inner\">\n\t\t\t\t<div class=\"elementor-element elementor-element-7da5028 elementor-widget elementor-widget-heading\" data-id=\"7da5028\" data-element_type=\"widget\" data-widget_type=\"heading.default\">\n\t\t\t\t<div class=\"elementor-widget-container\">\n\t\t\t<h2 class=\"elementor-heading-title elementor-size-default\">Nos conseils pour les particuliers<\/h2>\t\t<\/div>\n\t\t\t\t<\/div>\n\t\t\t\t\t<\/div>\n\t\t\t\t<\/div>\n\t\t<div class=\"elementor-element elementor-element-48c5e97 e-flex e-con-boxed e-con e-parent\" data-id=\"48c5e97\" data-element_type=\"container\">\n\t\t\t\t\t<div class=\"e-con-inner\">\n\t\t\t\t<div class=\"elementor-element elementor-element-877a916 elementor-widget elementor-widget-text-editor\" data-id=\"877a916\" data-element_type=\"widget\" data-widget_type=\"text-editor.default\">\n\t\t\t\t<div class=\"elementor-widget-container\">\n\t\t\t\t\t\t\t<p>Vous pourrez acc\u00e9der \u00e0 des informations sur les diff\u00e9rentes formes d\u2019envoi, sur les services propos\u00e9s par la Poste et ses filiales (Colissimo, Chronopost\u2026) et nos conseils pour vous aider dans vos d\u00e9marches, par exemple\u00a0:<\/p><p><strong>Comment suivre un colis ?<\/strong> Quel que soit le transporteur choisi, retrouvez tous les outils pour r\u00e9aliser votre <a href=\"https:\/\/tarifs-postaux.fr\/blog\/comment-suivre-un-colis\/\">suivi de colis<\/a>.<\/p><p><strong>Que faire en cas de colis non re\u00e7u ?<\/strong> D\u00e9couvrez notre guide complet du <a href=\"https:\/\/tarifs-postaux.fr\/blog\/colis-perdu\/\"><strong>colis perdu<\/strong><\/a>\u00a0(les causes, les recours, vos droits, comment se faire rembourser et comment l&rsquo;\u00e9viter?).<\/p><p><strong>Comment envoyer un colis ? <\/strong>Ce qu\u2019il faut savoir pour bien envoyer un colis, le choix de l\u2019emballage, les crit\u00e8res d\u2019envoi (dimensions, poids, contenu\u2026), les d\u00e9lais de livraison des diff\u00e9rents transporteurs, les formalit\u00e9s douani\u00e8res pour un envoi international\u2026<\/p><p><strong>Gagner du temps :<\/strong> retrouvez les techniques pour simplifier et acc\u00e9l\u00e9rer vos d\u00e9marches d\u2019envoi, notamment avec les outils en ligne.<\/p><p><strong>Actualit\u00e9 du secteur :<\/strong> restez inform\u00e9 des derni\u00e8res nouveaut\u00e9s et des \u00e9volutions dans le secteur postal, les changements de tarifs ou de conditions d&rsquo;envoi.<\/p>\t\t\t\t\t\t<\/div>\n\t\t\t\t<\/div>\n\t\t\t\t\t<\/div>\n\t\t\t\t<\/div>\n\t\t<div class=\"elementor-element elementor-element-268b5a7 e-flex e-con-boxed e-con e-parent\" data-id=\"268b5a7\" data-element_type=\"container\">\n\t\t\t\t\t<div class=\"e-con-inner\">\n\t\t\t\t<div class=\"elementor-element elementor-element-496b904 elementor-widget-divider--view-line elementor-widget elementor-widget-divider\" data-id=\"496b904\" data-element_type=\"widget\" data-widget_type=\"divider.default\">\n\t\t\t\t<div class=\"elementor-widget-container\">\n\t\t\t<style>\/*! elementor - v3.23.0 - 05-08-2024 *\/\n.elementor-widget-divider{--divider-border-style:none;--divider-border-width:1px;--divider-color:#0c0d0e;--divider-icon-size:20px;--divider-element-spacing:10px;--divider-pattern-height:24px;--divider-pattern-size:20px;--divider-pattern-url:none;--divider-pattern-repeat:repeat-x}.elementor-widget-divider .elementor-divider{display:flex}.elementor-widget-divider .elementor-divider__text{font-size:15px;line-height:1;max-width:95%}.elementor-widget-divider .elementor-divider__element{margin:0 var(--divider-element-spacing);flex-shrink:0}.elementor-widget-divider .elementor-icon{font-size:var(--divider-icon-size)}.elementor-widget-divider .elementor-divider-separator{display:flex;margin:0;direction:ltr}.elementor-widget-divider--view-line_icon .elementor-divider-separator,.elementor-widget-divider--view-line_text .elementor-divider-separator{align-items:center}.elementor-widget-divider--view-line_icon .elementor-divider-separator:after,.elementor-widget-divider--view-line_icon .elementor-divider-separator:before,.elementor-widget-divider--view-line_text .elementor-divider-separator:after,.elementor-widget-divider--view-line_text .elementor-divider-separator:before{display:block;content:\"\";border-block-end:0;flex-grow:1;border-block-start:var(--divider-border-width) var(--divider-border-style) var(--divider-color)}.elementor-widget-divider--element-align-left .elementor-divider .elementor-divider-separator>.elementor-divider__svg:first-of-type{flex-grow:0;flex-shrink:100}.elementor-widget-divider--element-align-left .elementor-divider-separator:before{content:none}.elementor-widget-divider--element-align-left .elementor-divider__element{margin-left:0}.elementor-widget-divider--element-align-right .elementor-divider .elementor-divider-separator>.elementor-divider__svg:last-of-type{flex-grow:0;flex-shrink:100}.elementor-widget-divider--element-align-right .elementor-divider-separator:after{content:none}.elementor-widget-divider--element-align-right .elementor-divider__element{margin-right:0}.elementor-widget-divider--element-align-start .elementor-divider .elementor-divider-separator>.elementor-divider__svg:first-of-type{flex-grow:0;flex-shrink:100}.elementor-widget-divider--element-align-start .elementor-divider-separator:before{content:none}.elementor-widget-divider--element-align-start .elementor-divider__element{margin-inline-start:0}.elementor-widget-divider--element-align-end .elementor-divider .elementor-divider-separator>.elementor-divider__svg:last-of-type{flex-grow:0;flex-shrink:100}.elementor-widget-divider--element-align-end .elementor-divider-separator:after{content:none}.elementor-widget-divider--element-align-end .elementor-divider__element{margin-inline-end:0}.elementor-widget-divider:not(.elementor-widget-divider--view-line_text):not(.elementor-widget-divider--view-line_icon) .elementor-divider-separator{border-block-start:var(--divider-border-width) var(--divider-border-style) var(--divider-color)}.elementor-widget-divider--separator-type-pattern{--divider-border-style:none}.elementor-widget-divider--separator-type-pattern.elementor-widget-divider--view-line .elementor-divider-separator,.elementor-widget-divider--separator-type-pattern:not(.elementor-widget-divider--view-line) .elementor-divider-separator:after,.elementor-widget-divider--separator-type-pattern:not(.elementor-widget-divider--view-line) .elementor-divider-separator:before,.elementor-widget-divider--separator-type-pattern:not([class*=elementor-widget-divider--view]) .elementor-divider-separator{width:100%;min-height:var(--divider-pattern-height);-webkit-mask-size:var(--divider-pattern-size) 100%;mask-size:var(--divider-pattern-size) 100%;-webkit-mask-repeat:var(--divider-pattern-repeat);mask-repeat:var(--divider-pattern-repeat);background-color:var(--divider-color);-webkit-mask-image:var(--divider-pattern-url);mask-image:var(--divider-pattern-url)}.elementor-widget-divider--no-spacing{--divider-pattern-size:auto}.elementor-widget-divider--bg-round{--divider-pattern-repeat:round}.rtl .elementor-widget-divider .elementor-divider__text{direction:rtl}.e-con-inner>.elementor-widget-divider,.e-con>.elementor-widget-divider{width:var(--container-widget-width,100%);--flex-grow:var(--container-widget-flex-grow)}<\/style>\t\t<div class=\"elementor-divider\">\n\t\t\t<span class=\"elementor-divider-separator\">\n\t\t\t\t\t\t<\/span>\n\t\t<\/div>\n\t\t\t\t<\/div>\n\t\t\t\t<\/div>\n\t\t\t\t\t<\/div>\n\t\t\t\t<\/div>\n\t\t<div class=\"elementor-element elementor-element-4f50294 e-flex e-con-boxed e-con e-parent\" data-id=\"4f50294\" data-element_type=\"container\">\n\t\t\t\t\t<div class=\"e-con-inner\">\n\t\t\t\t<div class=\"elementor-element elementor-element-3cf63be elementor-widget elementor-widget-heading\" data-id=\"3cf63be\" data-element_type=\"widget\" data-widget_type=\"heading.default\">\n\t\t\t\t<div class=\"elementor-widget-container\">\n\t\t\t<h2 class=\"elementor-heading-title elementor-size-default\">Des solutions pour les professionnels<\/h2>\t\t<\/div>\n\t\t\t\t<\/div>\n\t\t\t\t\t<\/div>\n\t\t\t\t<\/div>\n\t\t<div class=\"elementor-element elementor-element-31616a1 e-flex e-con-boxed e-con e-parent\" data-id=\"31616a1\" data-element_type=\"container\">\n\t\t\t\t\t<div class=\"e-con-inner\">\n\t\t\t\t<div class=\"elementor-element elementor-element-c0c2625 elementor-widget elementor-widget-text-editor\" data-id=\"c0c2625\" data-element_type=\"widget\" data-widget_type=\"text-editor.default\">\n\t\t\t\t<div class=\"elementor-widget-container\">\n\t\t\t\t\t\t\t<p>Pour vous y retrouver dans l\u2019offre foisonnante de La Poste pour les entreprises (le catalogue PDF comporte 146 pages), nous vous pr\u00e9senterons de la fa\u00e7on la plus claire et compl\u00e8te les diff\u00e9rents services.<\/p><p>Nous aborderons notamment\u00a0:<\/p><ul><li>L\u2019offre de courrier publicitaire <strong>Destineo<\/strong> pour votre communication ou <strong>Affranchigo<\/strong> pour l\u2019externalisation de vos affranchissements.<\/li><li>Les services de courrier industriel et de gestion.<\/li><li>Les services de collecte\u00a0: Collecte Primo, frequenceo, in&rsquo;verso, Colissimo on demand\u2026<\/li><li>Des informations sur <strong>Maileva<\/strong>, la plateforme de courrier professionnel en ligne et de d\u00e9mat\u00e9rialisation des factures ou fiches de paie.<\/li><li>L\u2019offre <strong>Chronofresh<\/strong> de Chronopost d\u00e9di\u00e9e au transport frigorifique alimentaire<\/li><\/ul><p>Nous proposerons \u00e9galement des <strong>guides<\/strong> et <strong>tutoriels<\/strong> concernant les solutions logicielles ou mat\u00e9rielles pour la gestion du courrier et des colis (machines \u00e0 affranchir, machines de mises ou pli, plateforme d\u2019envoi en ligne\u2026).<\/p><p><strong>\u00c9conomiser sur vos envois postaux (courrier et colis) en entreprise :<\/strong> d\u00e9couvrez <a href=\"https:\/\/tarifs-postaux.fr\/blog\/comment-reduire-les-couts-lies-aux-envois-postaux-en-entreprise\/\">comment r\u00e9duire vos co\u00fbts d\u2019envoi<\/a> gr\u00e2ce \u00e0 nos conseils et astuces. Nous vous expliquerons comment choisir et utiliser les services les plus adapt\u00e9s \u00e0 vos besoins.<\/p><p>Les <strong>e-commer\u00e7ants <\/strong>pourront trouver les solutions de livraison les plus efficaces et pratiques afin d\u2019assurer les exp\u00e9ditions de leur colis en temps et en heure et \u00e0 moindre co\u00fbt.<\/p><p>Les <strong>commer\u00e7ants<\/strong> trouveront toutes les informations pour <a href=\"https:\/\/tarifs-postaux.fr\/blog\/comment-et-pourquoi-devenir-un-point-relais-de-colis\/\">devenir un point relais de colis<\/a> dans chaque r\u00e9seau existant (Pickup, Relais Colis, Mondial Relay).<\/p>\t\t\t\t\t\t<\/div>\n\t\t\t\t<\/div>\n\t\t\t\t\t<\/div>\n\t\t\t\t<\/div>\n\t\t<div class=\"elementor-element elementor-element-9fde172 e-flex e-con-boxed e-con e-parent\" data-id=\"9fde172\" data-element_type=\"container\">\n\t\t\t\t\t<div class=\"e-con-inner\">\n\t\t\t\t<div class=\"elementor-element elementor-element-aaea771 elementor-widget-divider--view-line elementor-widget elementor-widget-divider\" data-id=\"aaea771\" data-element_type=\"widget\" data-widget_type=\"divider.default\">\n\t\t\t\t<div class=\"elementor-widget-container\">\n\t\t\t\t\t<div class=\"elementor-divider\">\n\t\t\t<span class=\"elementor-divider-separator\">\n\t\t\t\t\t\t<\/span>\n\t\t<\/div>\n\t\t\t\t<\/div>\n\t\t\t\t<\/div>\n\t\t\t\t\t<\/div>\n\t\t\t\t<\/div>\n\t\t<div class=\"elementor-element elementor-element-2d6d8c2 e-flex e-con-boxed e-con e-parent\" data-id=\"2d6d8c2\" data-element_type=\"container\">\n\t\t\t\t\t<div class=\"e-con-inner\">\n\t\t\t\t<div class=\"elementor-element elementor-element-aaed446 elementor-widget elementor-widget-heading\" data-id=\"aaed446\" data-element_type=\"widget\" data-widget_type=\"heading.default\">\n\t\t\t\t<div class=\"elementor-widget-container\">\n\t\t\t<h2 class=\"elementor-heading-title elementor-size-default\">L\u2019actualit\u00e9 environnementale de la logistique<\/h2>\t\t<\/div>\n\t\t\t\t<\/div>\n\t\t\t\t\t<\/div>\n\t\t\t\t<\/div>\n\t\t<div class=\"elementor-element elementor-element-1474032 e-flex e-con-boxed e-con e-parent\" data-id=\"1474032\" data-element_type=\"container\">\n\t\t\t\t\t<div class=\"e-con-inner\">\n\t\t\t\t<div class=\"elementor-element elementor-element-d316f24 elementor-widget elementor-widget-text-editor\" data-id=\"d316f24\" data-element_type=\"widget\" data-widget_type=\"text-editor.default\">\n\t\t\t\t<div class=\"elementor-widget-container\">\n\t\t\t\t\t\t\t<p>Le secteur du transport et de la logistique est en pleine <strong>mutation \u00e9cologique<\/strong>. Rappelons que le secteur du transport repr\u00e9sente \u00e0 lui seul <strong>30% des \u00e9missions de gaz \u00e0 effet de serre<\/strong> en France dont pr\u00e8s de 95% sont attribu\u00e9s au transport routier).<\/p><p>Conscients des enjeux environnementaux, nous mettons en avant les initiatives et les pratiques durables adopt\u00e9es par les transporteurs:<\/p><p><strong>La r\u00e9duction de l\u2019empreinte carbone :<\/strong> ou comment les acteurs de la logistique r\u00e9duisent leur impact environnemental. Nous pr\u00e9senterons les nouvelles technologies, les innovations et les strat\u00e9gies mises en place pour diminuer les \u00e9missions de gaz \u00e0 effet de serre.<\/p><p><strong>Les d\u00e9marches vertes :<\/strong> d\u00e9couvrez les d\u00e9marches \u00e9cologiques d\u00e9velopp\u00e9es par les transporteurs, telles que l\u2019utilisation de v\u00e9hicules \u00e9lectriques, l\u2019optimisation des itin\u00e9raires, et l\u2019utilisation de mat\u00e9riaux d\u2019emballage recyclables et r\u00e9utilisables.<\/p><p><strong>Nos conseils pratiques :<\/strong> nous vous proposerons des conseils pratiques pour rendre vos envois plus respectueux de l\u2019environnement. D\u00e9couvrez les solutions d\u2019envoi \u00e9cologiques qui vous permettront de r\u00e9duire votre propre empreinte carbone.<\/p>\t\t\t\t\t\t<\/div>\n\t\t\t\t<\/div>\n\t\t\t\t\t<\/div>\n\t\t\t\t<\/div>\n\t\t\t\t<\/div>\n\t\t","protected":false},"excerpt":{"rendered":"<p>Blog du site tarifs-postaux.fr Bienvenue. Que vous soyez particulier ou professionnel, vous trouverez sur ce nouveau blog d&rsquo;information des articles concernant le secteur postal, le transport de colis et la logistique. Nos conseils pour les particuliers Vous pourrez acc\u00e9der \u00e0 des informations sur les diff\u00e9rentes formes d\u2019envoi, sur les services propos\u00e9s par la Poste et [&hellip;]<\/p>\n","protected":false},"author":1,"featured_media":0,"parent":0,"menu_order":0,"comment_status":"closed","ping_status":"closed","template":"","meta":{"footnotes":""},"class_list":["post-9","page","type-page","status-publish","hentry"],"yoast_head":"<!-- This site is optimized with the Yoast SEO plugin v27.4 - https:\/\/yoast.com\/product\/yoast-seo-wordpress\/ -->\n<title>Blog du site tarifs-postaux.fr<\/title>\n<meta name=\"description\" content=\"Le blog du site tarifs-postaux.fr est d\u00e9di\u00e9 \u00e0 l&#039;actualit\u00e9 du secteur postal, du transport de colis et de la logistique.\" \/>\n<meta name=\"robots\" content=\"index, follow, max-snippet:-1, max-image-preview:large, max-video-preview:-1\" \/>\n<link rel=\"canonical\" href=\"https:\/\/tarifs-postaux.fr\/blog\/\" \/>\n<meta property=\"og:locale\" content=\"fr_FR\" \/>\n<meta property=\"og:type\" content=\"article\" \/>\n<meta property=\"og:title\" content=\"Blog du site tarifs-postaux.fr\" \/>\n<meta property=\"og:description\" content=\"Le blog du site tarifs-postaux.fr est d\u00e9di\u00e9 \u00e0 l&#039;actualit\u00e9 du secteur postal, du transport de colis et de la logistique.\" \/>\n<meta property=\"og:url\" content=\"https:\/\/tarifs-postaux.fr\/blog\/\" \/>\n<meta property=\"article:modified_time\" content=\"2025-09-25T19:53:41+00:00\" \/>\n<meta property=\"og:image\" content=\"https:\/\/tarifs-postaux.fr\/blog\/wp-content\/uploads\/2024\/06\/informations-colis.jpg\" \/>\n\t<meta property=\"og:image:width\" content=\"640\" \/>\n\t<meta property=\"og:image:height\" content=\"640\" \/>\n\t<meta property=\"og:image:type\" content=\"image\/jpeg\" \/>\n<meta name=\"twitter:card\" content=\"summary_large_image\" \/>\n<meta name=\"twitter:label1\" content=\"Dur\u00e9e de lecture estim\u00e9e\" \/>\n\t<meta name=\"twitter:data1\" content=\"4 minutes\" \/>\n<script type=\"application\/ld+json\" class=\"yoast-schema-graph\">{\"@context\":\"https:\\\/\\\/schema.org\",\"@graph\":[{\"@type\":\"WebPage\",\"@id\":\"https:\\\/\\\/tarifs-postaux.fr\\\/blog\\\/\",\"url\":\"https:\\\/\\\/tarifs-postaux.fr\\\/blog\\\/\",\"name\":\"Blog du site tarifs-postaux.fr\",\"isPartOf\":{\"@id\":\"https:\\\/\\\/tarifs-postaux.fr\\\/blog\\\/#website\"},\"primaryImageOfPage\":{\"@id\":\"https:\\\/\\\/tarifs-postaux.fr\\\/blog\\\/#primaryimage\"},\"image\":{\"@id\":\"https:\\\/\\\/tarifs-postaux.fr\\\/blog\\\/#primaryimage\"},\"thumbnailUrl\":\"https:\\\/\\\/tarifs-postaux.fr\\\/blog\\\/wp-content\\\/uploads\\\/2024\\\/06\\\/informations-colis.jpg\",\"datePublished\":\"2023-12-17T14:55:46+00:00\",\"dateModified\":\"2025-09-25T19:53:41+00:00\",\"description\":\"Le blog du site tarifs-postaux.fr est d\u00e9di\u00e9 \u00e0 l'actualit\u00e9 du secteur postal, du transport de colis et de la logistique.\",\"breadcrumb\":{\"@id\":\"https:\\\/\\\/tarifs-postaux.fr\\\/blog\\\/#breadcrumb\"},\"inLanguage\":\"fr-FR\",\"potentialAction\":[{\"@type\":\"ReadAction\",\"target\":[\"https:\\\/\\\/tarifs-postaux.fr\\\/blog\\\/\"]}]},{\"@type\":\"ImageObject\",\"inLanguage\":\"fr-FR\",\"@id\":\"https:\\\/\\\/tarifs-postaux.fr\\\/blog\\\/#primaryimage\",\"url\":\"https:\\\/\\\/tarifs-postaux.fr\\\/blog\\\/wp-content\\\/uploads\\\/2024\\\/06\\\/informations-colis.jpg\",\"contentUrl\":\"https:\\\/\\\/tarifs-postaux.fr\\\/blog\\\/wp-content\\\/uploads\\\/2024\\\/06\\\/informations-colis.jpg\",\"width\":640,\"height\":640,\"caption\":\"informations colis\"},{\"@type\":\"BreadcrumbList\",\"@id\":\"https:\\\/\\\/tarifs-postaux.fr\\\/blog\\\/#breadcrumb\",\"itemListElement\":[{\"@type\":\"ListItem\",\"position\":1,\"name\":\"Accueil\",\"item\":\"https:\\\/\\\/tarifs-postaux.fr\\\/blog\\\/\"},{\"@type\":\"ListItem\",\"position\":2,\"name\":\"blog\"}]},{\"@type\":\"WebSite\",\"@id\":\"https:\\\/\\\/tarifs-postaux.fr\\\/blog\\\/#website\",\"url\":\"https:\\\/\\\/tarifs-postaux.fr\\\/blog\\\/\",\"name\":\"\",\"description\":\"\",\"potentialAction\":[{\"@type\":\"SearchAction\",\"target\":{\"@type\":\"EntryPoint\",\"urlTemplate\":\"https:\\\/\\\/tarifs-postaux.fr\\\/blog\\\/?s={search_term_string}\"},\"query-input\":{\"@type\":\"PropertyValueSpecification\",\"valueRequired\":true,\"valueName\":\"search_term_string\"}}],\"inLanguage\":\"fr-FR\"}]}<\/script>\n<!-- \/ Yoast SEO plugin. -->","yoast_head_json":{"title":"Blog du site tarifs-postaux.fr","description":"Le blog du site tarifs-postaux.fr est d\u00e9di\u00e9 \u00e0 l'actualit\u00e9 du secteur postal, du transport de colis et de la logistique.","robots":{"index":"index","follow":"follow","max-snippet":"max-snippet:-1","max-image-preview":"max-image-preview:large","max-video-preview":"max-video-preview:-1"},"canonical":"https:\/\/tarifs-postaux.fr\/blog\/","og_locale":"fr_FR","og_type":"article","og_title":"Blog du site tarifs-postaux.fr","og_description":"Le blog du site tarifs-postaux.fr est d\u00e9di\u00e9 \u00e0 l'actualit\u00e9 du secteur postal, du transport de colis et de la logistique.","og_url":"https:\/\/tarifs-postaux.fr\/blog\/","article_modified_time":"2025-09-25T19:53:41+00:00","og_image":[{"width":640,"height":640,"url":"https:\/\/tarifs-postaux.fr\/blog\/wp-content\/uploads\/2024\/06\/informations-colis.jpg","type":"image\/jpeg"}],"twitter_card":"summary_large_image","twitter_misc":{"Dur\u00e9e de lecture estim\u00e9e":"4 minutes"},"schema":{"@context":"https:\/\/schema.org","@graph":[{"@type":"WebPage","@id":"https:\/\/tarifs-postaux.fr\/blog\/","url":"https:\/\/tarifs-postaux.fr\/blog\/","name":"Blog du site tarifs-postaux.fr","isPartOf":{"@id":"https:\/\/tarifs-postaux.fr\/blog\/#website"},"primaryImageOfPage":{"@id":"https:\/\/tarifs-postaux.fr\/blog\/#primaryimage"},"image":{"@id":"https:\/\/tarifs-postaux.fr\/blog\/#primaryimage"},"thumbnailUrl":"https:\/\/tarifs-postaux.fr\/blog\/wp-content\/uploads\/2024\/06\/informations-colis.jpg","datePublished":"2023-12-17T14:55:46+00:00","dateModified":"2025-09-25T19:53:41+00:00","description":"Le blog du site tarifs-postaux.fr est d\u00e9di\u00e9 \u00e0 l'actualit\u00e9 du secteur postal, du transport de colis et de la logistique.","breadcrumb":{"@id":"https:\/\/tarifs-postaux.fr\/blog\/#breadcrumb"},"inLanguage":"fr-FR","potentialAction":[{"@type":"ReadAction","target":["https:\/\/tarifs-postaux.fr\/blog\/"]}]},{"@type":"ImageObject","inLanguage":"fr-FR","@id":"https:\/\/tarifs-postaux.fr\/blog\/#primaryimage","url":"https:\/\/tarifs-postaux.fr\/blog\/wp-content\/uploads\/2024\/06\/informations-colis.jpg","contentUrl":"https:\/\/tarifs-postaux.fr\/blog\/wp-content\/uploads\/2024\/06\/informations-colis.jpg","width":640,"height":640,"caption":"informations colis"},{"@type":"BreadcrumbList","@id":"https:\/\/tarifs-postaux.fr\/blog\/#breadcrumb","itemListElement":[{"@type":"ListItem","position":1,"name":"Accueil","item":"https:\/\/tarifs-postaux.fr\/blog\/"},{"@type":"ListItem","position":2,"name":"blog"}]},{"@type":"WebSite","@id":"https:\/\/tarifs-postaux.fr\/blog\/#website","url":"https:\/\/tarifs-postaux.fr\/blog\/","name":"","description":"","potentialAction":[{"@type":"SearchAction","target":{"@type":"EntryPoint","urlTemplate":"https:\/\/tarifs-postaux.fr\/blog\/?s={search_term_string}"},"query-input":{"@type":"PropertyValueSpecification","valueRequired":true,"valueName":"search_term_string"}}],"inLanguage":"fr-FR"}]}},"_links":{"self":[{"href":"https:\/\/tarifs-postaux.fr\/blog\/wp-json\/wp\/v2\/pages\/9","targetHints":{"allow":["GET"]}}],"collection":[{"href":"https:\/\/tarifs-postaux.fr\/blog\/wp-json\/wp\/v2\/pages"}],"about":[{"href":"https:\/\/tarifs-postaux.fr\/blog\/wp-json\/wp\/v2\/types\/page"}],"author":[{"embeddable":true,"href":"https:\/\/tarifs-postaux.fr\/blog\/wp-json\/wp\/v2\/users\/1"}],"replies":[{"embeddable":true,"href":"https:\/\/tarifs-postaux.fr\/blog\/wp-json\/wp\/v2\/comments?post=9"}],"version-history":[{"count":67,"href":"https:\/\/tarifs-postaux.fr\/blog\/wp-json\/wp\/v2\/pages\/9\/revisions"}],"predecessor-version":[{"id":408,"href":"https:\/\/tarifs-postaux.fr\/blog\/wp-json\/wp\/v2\/pages\/9\/revisions\/408"}],"wp:attachment":[{"href":"https:\/\/tarifs-postaux.fr\/blog\/wp-json\/wp\/v2\/media?parent=9"}],"curies":[{"name":"wp","href":"https:\/\/api.w.org\/{rel}","templated":true}]}}